{"id":10,"date":"2025-12-15T08:51:00","date_gmt":"2025-12-15T07:51:00","guid":{"rendered":"https:\/\/sa.loescher-klug.at\/5d2526\/sa03\/?page_id=10"},"modified":"2025-12-15T09:57:06","modified_gmt":"2025-12-15T08:57:06","slug":"start","status":"publish","type":"page","link":"https:\/\/sa.loescher-klug.at\/5d2526\/sa03\/","title":{"rendered":"Startseite"},"content":{"rendered":"\n<h2 class=\"wp-block-heading has-text-align-center\">Unser Service<\/h2>\n\n\n\n<div class=\"wp-block-columns is-layout-flex wp-container-core-columns-is-layout-28f84493 wp-block-columns-is-layout-flex\">\n<div class=\"wp-block-column is-layout-flow wp-block-column-is-layout-flow\">\n<figure class=\"wp-block-image size-large\"><img loading=\"lazy\" decoding=\"async\" width=\"1441\" height=\"2560\" src=\"https:\/\/sa.loescher-klug.at\/5d2526\/sa03\/wp-content\/uploads\/2025\/12\/pexels-castorlystock-3641059-2-edited-scaled.jpg\" alt=\"\" class=\"wp-image-190\" srcset=\"https:\/\/sa.loescher-klug.at\/5d2526\/sa03\/wp-content\/uploads\/2025\/12\/pexels-castorlystock-3641059-2-edited-scaled.jpg 1441w, https:\/\/sa.loescher-klug.at\/5d2526\/sa03\/wp-content\/uploads\/2025\/12\/pexels-castorlystock-3641059-2-edited-169x300.jpg 169w, https:\/\/sa.loescher-klug.at\/5d2526\/sa03\/wp-content\/uploads\/2025\/12\/pexels-castorlystock-3641059-2-edited-576x1024.jpg 576w, https:\/\/sa.loescher-klug.at\/5d2526\/sa03\/wp-content\/uploads\/2025\/12\/pexels-castorlystock-3641059-2-edited-768x1365.jpg 768w, https:\/\/sa.loescher-klug.at\/5d2526\/sa03\/wp-content\/uploads\/2025\/12\/pexels-castorlystock-3641059-2-edited-864x1536.jpg 864w, https:\/\/sa.loescher-klug.at\/5d2526\/sa03\/wp-content\/uploads\/2025\/12\/pexels-castorlystock-3641059-2-edited-1153x2048.jpg 1153w, https:\/\/sa.loescher-klug.at\/5d2526\/sa03\/wp-content\/uploads\/2025\/12\/pexels-castorlystock-3641059-2-edited-600x1066.jpg 600w\" sizes=\"auto, (max-width: 1441px) 100vw, 1441px\" \/><\/figure>\n<\/div>\n\n\n\n<div class=\"wp-block-column is-layout-flow wp-block-column-is-layout-flow\">\n<h3 class=\"wp-block-heading\">Massenanfertigung<\/h3>\n\n\n\n<p style=\"font-size:0.7rem\">Schmuck ist so individuell wie die Menschen, die ihn tragen. Deshalb bieten wir Ma\u00dfanfertigungen an, die genau auf Ihre W\u00fcnsche abgestimmt sind. Ob Verlobungsring, Eheringe oder ein besonderes Einzelst\u00fcck \u2013 gemeinsam entwickeln wir ein Design, das Ihre Pers\u00f6nlichkeit widerspiegelt. Von der ersten Idee bis zum fertigen Schmuckst\u00fcck begleiten wir Sie mit Erfahrung, Feingef\u00fchl und handwerklicher Pr\u00e4zision.<\/p>\n\n\n\n<hr class=\"wp-block-separator has-alpha-channel-opacity\"\/>\n\n\n\n<h4 class=\"wp-block-heading\">Reparaturen<\/h4>\n\n\n\n<p style=\"font-size:0.6rem\">Lieblingsst\u00fccke verdienen besondere Sorgfalt. Wir \u00fcbernehmen fachgerechte Reparaturen von Schmuck aller Art \u2013 vom Ring \u00fcber Ketten bis zu Armb\u00e4ndern. Verschl\u00fcsse werden erneuert, Steine sicher gefasst und Materialien professionell aufgearbeitet, damit Ihr Schmuck wieder in neuem Glanz erstrahlt und Sie lange Freude daran haben.<\/p>\n\n\n\n<hr class=\"wp-block-separator has-alpha-channel-opacity\"\/>\n\n\n\n<h4 class=\"wp-block-heading\">Gravuren<\/h4>\n\n\n\n<p style=\"font-size:0.6rem\">Eine Gravur macht Schmuck einzigartig. Namen, Daten, Initialen oder kurze Botschaften verleihen Ihrem Schmuckst\u00fcck eine pers\u00f6nliche Bedeutung. Ob dezent oder ausdrucksstark \u2013 wir gravieren mit h\u00f6chster Genauigkeit und viel Liebe zum Detail, damit Erinnerungen dauerhaft festgehalten werden.<\/p>\n\n\n\n<p style=\"font-size:0.6rem\">Unser Anspruch ist es, Qualit\u00e4t, Handwerk und pers\u00f6nliche Beratung zu verbinden \u2013 f\u00fcr Schmuck, der nicht nur sch\u00f6n ist, sondern eine Geschichte tr\u00e4gt.<\/p>\n\n\n\n<div class=\"wp-block-buttons is-layout-flex wp-block-buttons-is-layout-flex\">\n<div class=\"wp-block-button\"><a class=\"wp-block-button__link has-contrast-color has-text-color has-background has-link-color wp-element-button\" style=\"border-style:none;border-width:0px;border-top-left-radius:0px;border-top-right-radius:0px;border-bottom-left-radius:0px;border-bottom-right-radius:0px;background-color:#978661\">Jetzt Kontakt aufnehmen<\/a><\/div>\n<\/div>\n<\/div>\n<\/div>\n\n\n\n<p><\/p>\n","protected":false},"excerpt":{"rendered":"<p>Unser Service Massenanfertigung Schmuck ist so individuell wie die Menschen, die ihn tragen. Deshalb bieten wir Ma\u00dfanfertigungen an, die genau auf Ihre W\u00fcnsche abgestimmt sind. Ob Verlobungsring, Eheringe oder ein besonderes Einzelst\u00fcck \u2013 gemeinsam entwickeln wir ein Design, das Ihre Pers\u00f6nlichkeit widerspiegelt. Von der ersten Idee bis zum fertigen Schmuckst\u00fcck begleiten wir Sie mit Erfahrung, [&hellip;]<\/p>\n","protected":false},"author":1,"featured_media":0,"parent":0,"menu_order":0,"comment_status":"closed","ping_status":"closed","template":"","meta":{"footnotes":""},"class_list":["post-10","page","type-page","status-publish","hentry"],"_links":{"self":[{"href":"https:\/\/sa.loescher-klug.at\/5d2526\/sa03\/wp-json\/wp\/v2\/pages\/10","targetHints":{"allow":["GET"]}}],"collection":[{"href":"https:\/\/sa.loescher-klug.at\/5d2526\/sa03\/wp-json\/wp\/v2\/pages"}],"about":[{"href":"https:\/\/sa.loescher-klug.at\/5d2526\/sa03\/wp-json\/wp\/v2\/types\/page"}],"author":[{"embeddable":true,"href":"https:\/\/sa.loescher-klug.at\/5d2526\/sa03\/wp-json\/wp\/v2\/users\/1"}],"replies":[{"embeddable":true,"href":"https:\/\/sa.loescher-klug.at\/5d2526\/sa03\/wp-json\/wp\/v2\/comments?post=10"}],"version-history":[{"count":4,"href":"https:\/\/sa.loescher-klug.at\/5d2526\/sa03\/wp-json\/wp\/v2\/pages\/10\/revisions"}],"predecessor-version":[{"id":191,"href":"https:\/\/sa.loescher-klug.at\/5d2526\/sa03\/wp-json\/wp\/v2\/pages\/10\/revisions\/191"}],"wp:attachment":[{"href":"https:\/\/sa.loescher-klug.at\/5d2526\/sa03\/wp-json\/wp\/v2\/media?parent=10"}],"curies":[{"name":"wp","href":"https:\/\/api.w.org\/{rel}","templated":true}]}}