{"id":7,"date":"2025-12-16T10:05:28","date_gmt":"2025-12-16T09:05:28","guid":{"rendered":"https:\/\/sa.loescher-klug.at\/5c2526\/sa11\/?page_id=7"},"modified":"2025-12-16T10:57:37","modified_gmt":"2025-12-16T09:57:37","slug":"start","status":"publish","type":"page","link":"https:\/\/sa.loescher-klug.at\/5c2526\/sa11\/","title":{"rendered":"Startseite"},"content":{"rendered":"\n<div class=\"wp-block-columns alignfull has-ast-global-color-1-background-color has-background is-layout-flex wp-container-core-columns-is-layout-28f84493 wp-block-columns-is-layout-flex\">\n<div class=\"wp-block-column is-layout-flow wp-block-column-is-layout-flow\">\n<p class=\"has-text-align-center has-ast-global-color-4-color has-text-color has-link-color wp-elements-3315bce6e6e481b04a2628d319fd4a33\">Handgefertigt \u2022 Nachhaltig<\/p>\n\n\n\n<h1 class=\"wp-block-heading alignfull has-text-align-center has-ast-global-color-4-color has-text-color has-link-color wp-elements-f042e7e76d9100e37c511952d2da7bea\">Zeitlose Eleganz f\u00fcr besondere Momente<\/h1>\n\n\n\n<p class=\"has-text-align-center has-ast-global-color-4-color has-text-color has-link-color wp-elements-1fcb739b3f609f3c9949516fe7e2e94f\" style=\"padding-top:0;padding-right:0;padding-bottom:0;padding-left:0\">Exklusive Ringe, Ketten und Uhren <\/p>\n\n\n\n<p class=\"has-text-align-center has-ast-global-color-4-color has-text-color has-link-color wp-elements-2fbccd38c52819b71e661e978b8e0a52\" style=\"padding-top:0;padding-right:0;padding-bottom:0;padding-left:0\">\u2013 mit Liebe zum Detail gefertigt.<\/p>\n\n\n\n<p class=\"has-text-align-center has-ast-global-color-4-color has-text-color has-link-color wp-elements-02c2cf423bea472fd7dffea7c0f6babb\" style=\"padding-top:0;padding-right:0;padding-bottom:0;padding-left:0\">Entdecken Sie unsere aktuelle Kollektion.<\/p>\n\n\n\n<div class=\"wp-block-buttons is-content-justification-center is-layout-flex wp-container-core-buttons-is-layout-a89b3969 wp-block-buttons-is-layout-flex\">\n<div class=\"wp-block-button\"><a class=\"wp-block-button__link has-text-align-center wp-element-button\" href=\"https:\/\/sa.loescher-klug.at\/5c2526\/sa11\/shop\/\">Kollektion ansehen<\/a><\/div>\n<\/div>\n<\/div>\n\n\n\n<div class=\"wp-block-column is-layout-flow wp-block-column-is-layout-flow\">\n<figure class=\"wp-block-image size-large is-resized\"><img loading=\"lazy\" decoding=\"async\" width=\"722\" height=\"1024\" src=\"https:\/\/sa.loescher-klug.at\/5c2526\/sa11\/wp-content\/uploads\/2025\/12\/titelbild-722x1024.webp\" alt=\"\" class=\"wp-image-82\" style=\"aspect-ratio:0.7050902784861777;width:274px;height:auto\" srcset=\"https:\/\/sa.loescher-klug.at\/5c2526\/sa11\/wp-content\/uploads\/2025\/12\/titelbild-722x1024.webp 722w, https:\/\/sa.loescher-klug.at\/5c2526\/sa11\/wp-content\/uploads\/2025\/12\/titelbild-212x300.webp 212w, https:\/\/sa.loescher-klug.at\/5c2526\/sa11\/wp-content\/uploads\/2025\/12\/titelbild-768x1089.webp 768w, https:\/\/sa.loescher-klug.at\/5c2526\/sa11\/wp-content\/uploads\/2025\/12\/titelbild-600x851.webp 600w, https:\/\/sa.loescher-klug.at\/5c2526\/sa11\/wp-content\/uploads\/2025\/12\/titelbild.webp 1083w\" sizes=\"auto, (max-width: 722px) 100vw, 722px\" \/><\/figure>\n<\/div>\n<\/div>\n\n\n\n<p class=\"has-ast-global-color-4-color has-text-color has-link-color wp-elements-10f3633374472ece46cf16dcb7eefd02\">xxx<\/p>\n\n\n\n<h2 class=\"wp-block-heading has-text-align-center\">Produkte im Angebot<\/h2>\n\n\n\n<div data-wp-context=\"{&quot;notices&quot;:[],&quot;hideNextPreviousButtons&quot;:false,&quot;isDisabledPrevious&quot;:true,&quot;isDisabledNext&quot;:false,&quot;ariaLabelPrevious&quot;:&quot;Vorherige Produkte&quot;,&quot;ariaLabelNext&quot;:&quot;N\\u00e4chste Produkte&quot;,&quot;collection&quot;:&quot;woocommerce\\\/product-collection\\\/on-sale&quot;}\" data-wp-init=\"callbacks.onRender\" data-wp-interactive=\"woocommerce\/product-collection\" data-wp-router-region=\"wc-product-collection-0\" data-__private-preview-state=\"{&quot;isPreview&quot;:false,&quot;previewMessage&quot;:&quot;Die tats\\u00e4chliche Produktauswahl h\\u00e4ngt von der aufgerufenen Seite ab.&quot;}\" data-block-name=\"woocommerce\/product-collection\" data-collection=\"woocommerce\/product-collection\/on-sale\" data-dimensions=\"{&quot;widthType&quot;:&quot;fill&quot;}\" data-display-layout=\"{&quot;type&quot;:&quot;flex&quot;,&quot;columns&quot;:5,&quot;shrinkColumns&quot;:true}\" data-hide-controls=\"[&quot;inherit&quot;,&quot;on-sale&quot;,&quot;filterable&quot;]\" data-query-context-includes=\"[&quot;collection&quot;]\" data-query-id=\"0\" data-query=\"{&quot;perPage&quot;:5,&quot;pages&quot;:1,&quot;offset&quot;:0,&quot;postType&quot;:&quot;product&quot;,&quot;order&quot;:&quot;asc&quot;,&quot;orderBy&quot;:&quot;title&quot;,&quot;search&quot;:&quot;&quot;,&quot;exclude&quot;:[],&quot;inherit&quot;:false,&quot;taxQuery&quot;:[],&quot;isProductCollectionBlock&quot;:true,&quot;featured&quot;:false,&quot;woocommerceOnSale&quot;:true,&quot;woocommerceStockStatus&quot;:[&quot;instock&quot;,&quot;outofstock&quot;,&quot;onbackorder&quot;],&quot;woocommerceAttributes&quot;:[],&quot;woocommerceHandPickedProducts&quot;:[],&quot;filterable&quot;:false,&quot;relatedBy&quot;:{&quot;categories&quot;:true,&quot;tags&quot;:true}}\" data-tag-name=\"div\" class=\"wp-block-woocommerce-product-collection is-layout-flow wp-block-woocommerce-product-collection-is-layout-flow\">\t\t<div data-wp-interactive=\"woocommerce\/store-notices\" class=\"wc-block-components-notices alignwide\">\n\t\t\t<template data-wp-each--notice=\"state.notices\" data-wp-each-key=\"context.notice.id\">\n\t\t\t\t<div\n\t\t\t\t\tclass=\"wc-block-components-notice-banner\"\n\t\t\t\t\tdata-wp-init=\"callbacks.scrollIntoView\"\n\t\t\t\t\tdata-wp-class--is-error=\"state.isError\"\n\t\t\t\t\tdata-wp-class--is-success =\"state.isSuccess\"\n\t\t\t\t\tdata-wp-class--is-info=\"state.isInfo\"\n\t\t\t\t\tdata-wp-class--is-dismissible=\"context.notice.dismissible\"\n\t\t\t\t\tdata-wp-bind--role=\"state.role\"\n\t\t\t\t>\n\t\t\t\t\t<svg xmlns=\"http:\/\/www.w3.org\/2000\/svg\" viewBox=\"0 0 24 24\" width=\"24\" height=\"24\" aria-hidden=\"true\" focusable=\"false\">\n\t\t\t\t\t\t<path data-wp-bind--d=\"state.iconPath\"><\/path>\n\t\t\t\t\t<\/svg>\n\t\t\t\t\t<div class=\"wc-block-components-notice-banner__content\">\n\t\t\t\t\t\t<span data-wp-init=\"callbacks.renderNoticeContent\" aria-live=\"assertive\" aria-atomic=\"true\"><\/span>\n\t\t\t\t\t<\/div>\n\t\t\t\t\t<button\n\t\t\t\t\t\tdata-wp-bind--hidden=\"!context.notice.dismissible\"\n\t\t\t\t\t\tclass=\"wc-block-components-button wp-element-button wc-block-components-notice-banner__dismiss contained\"\n\t\t\t\t\t\taria-label=\"Diesen Hinweis verwerfen\"\n\t\t\t\t\t\tdata-wp-on--click=\"actions.removeNotice\"\n\t\t\t\t\t>\n\t\t\t\t\t\t<svg xmlns=\"http:\/\/www.w3.org\/2000\/svg\" viewBox=\"0 0 24 24\">\n\t\t\t\t\t\t\t<path d=\"M13 11.8l6.1-6.3-1-1-6.1 6.2-6.1-6.2-1 1 6.1 6.3-6.5 6.7 1 1 6.5-6.6 6.5 6.6 1-1z\" \/>\n\t\t\t\t\t\t<\/svg>\n\t\t\t\t\t<\/button>\n\t\t\t\t<\/div>\n\t\t\t<\/template>\n\t\t<\/div>\n\t\t\n<h2 class=\"wp-block-heading has-text-align-center\" style=\"margin-bottom:1rem\">Produkte im Angebot<\/h2>\n\n\n<ul data-block-name=\"woocommerce\/product-template\" class=\"wc-block-product-template__responsive columns-5 wc-block-product-template wp-block-woocommerce-product-template is-layout-flow wp-block-woocommerce-product-template-is-layout-flow\" data-wp-on--scroll=\"actions.watchScroll\" data-wp-init=\"callbacks.initResizeObserver\"><li class=\"wc-block-product post-137 product type-product status-publish product_cat-unkategorisiert desktop-align-left tablet-align-left mobile-align-left first instock sale shipping-taxable purchasable product-type-simple\"\n\t\t\t\t\t\n\t\t\t\tdata-wp-interactive=\"woocommerce\/product-collection\"\n\t\t\t\tdata-wp-context='{\"productId\":137}'\n\t\t\t\tdata-wp-key=\"product-item-137\"\n\t\t\t\n\t\t\t\t>\n\t\t\t\t\t\n<div data-block-name=\"woocommerce\/product-image\" data-image-sizing=\"thumbnail\" data-is-descendent-of-query-loop=\"true\" data-show-sale-badge=\"false\" class=\"wc-block-components-product-image wc-block-grid__product-image wc-block-components-product-image--aspect-ratio-auto wp-block-woocommerce-product-image\"><a href=\"https:\/\/sa.loescher-klug.at\/5c2526\/sa11\/produkt\/produkt-22\/\" style=\"\" data-wp-on--click=\"woocommerce\/product-collection::actions.viewProduct\"><img loading=\"lazy\" decoding=\"async\" width=\"300\" height=\"300\" src=\"https:\/\/sa.loescher-klug.at\/5c2526\/sa11\/wp-content\/uploads\/woocommerce-placeholder-300x300.webp\" class=\"woocommerce-placeholder wp-post-image\" alt=\"Platzhalter\" style=\"object-fit:cover;\" srcset=\"https:\/\/sa.loescher-klug.at\/5c2526\/sa11\/wp-content\/uploads\/woocommerce-placeholder-300x300.webp 300w, https:\/\/sa.loescher-klug.at\/5c2526\/sa11\/wp-content\/uploads\/woocommerce-placeholder-100x100.webp 100w, https:\/\/sa.loescher-klug.at\/5c2526\/sa11\/wp-content\/uploads\/woocommerce-placeholder-600x600.webp 600w, https:\/\/sa.loescher-klug.at\/5c2526\/sa11\/wp-content\/uploads\/woocommerce-placeholder-1024x1024.webp 1024w, https:\/\/sa.loescher-klug.at\/5c2526\/sa11\/wp-content\/uploads\/woocommerce-placeholder-150x150.webp 150w, https:\/\/sa.loescher-klug.at\/5c2526\/sa11\/wp-content\/uploads\/woocommerce-placeholder-768x768.webp 768w, https:\/\/sa.loescher-klug.at\/5c2526\/sa11\/wp-content\/uploads\/woocommerce-placeholder.webp 1200w\" sizes=\"auto, (max-width: 300px) 100vw, 300px\" \/><div class=\"wc-block-components-product-image__inner-container\"><\/div><\/a><\/div>\n\n<h2 style=\"line-height:1.4; margin-bottom:0.75rem;margin-top:0;\" class=\"has-text-align-center wp-block-post-title has-medium-font-size\"><a data-wp-on--click=\"woocommerce\/product-collection::actions.viewProduct\" href=\"https:\/\/sa.loescher-klug.at\/5c2526\/sa11\/produkt\/produkt-22\/\" target=\"_self\" >Produkt<\/a><\/h2>\n\n<div data-block-name=\"woocommerce\/product-price\" data-font-size=\"small\" data-is-descendent-of-query-loop=\"true\" data-text-align=\"center\" class=\"has-font-size has-small-font-size has-text-align-center wp-block-woocommerce-product-price has-small-font-size\" ><div class=\"wc-block-components-product-price wc-block-grid__product-price\" >\n\t\t\t\t\t<del aria-hidden=\"true\"><span class=\"woocommerce-Price-amount amount\"><bdi><span class=\"woocommerce-Price-currencySymbol\">&euro;<\/span>&nbsp;20,00<\/bdi><\/span><\/del> <span class=\"screen-reader-text\">Urspr\u00fcnglicher Preis war: &euro;&nbsp;20,00<\/span><ins aria-hidden=\"true\"><span class=\"woocommerce-Price-amount amount\"><bdi><span class=\"woocommerce-Price-currencySymbol\">&euro;<\/span>&nbsp;14,00<\/bdi><\/span><\/ins><span class=\"screen-reader-text\">Aktueller Preis ist: &euro;&nbsp;14,00.<\/span>\n\t\t\t\t<\/div><\/div>\n\n<div data-block-name=\"woocommerce\/product-button\" data-font-size=\"small\" data-is-descendent-of-query-loop=\"true\" data-text-align=\"center\" class=\"wp-block-button wc-block-components-product-button   align-center wp-block-woocommerce-product-button has-small-font-size\"\n\t\t\t\t\t\n\t\t\tdata-wp-interactive=\"woocommerce\/product-button\"\n\t\t\tdata-wp-init=\"actions.refreshCartItems\"\n\t\t\n\t\t\t\t\tdata-wp-context='{\"quantityToAdd\":1,\"productId\":137,\"productType\":\"simple\",\"addToCartText\":\"In den Warenkorb\",\"tempQuantity\":0,\"animationStatus\":\"IDLE\",\"inTheCartText\":\"### im Warenkorb\",\"noticeId\":\"\",\"hasPressedButton\":false}'\n\t\t\t\t>\n\t\t\t\t\t<button\n\t\t\t\t\t\tclass=\"wp-block-button__link wp-element-button wc-block-components-product-button__button add_to_cart_button ajax_add_to_cart product_type_simple has-font-size has-small-font-size has-text-align-center wc-interactive\"\n\t\t\t\t\t\tstyle=\"\"\n\t\t\t\t\t\ttype=\"button\" data-product_id=\"137\" data-product_sku=\"\" aria-label=\"In den Warenkorb legen: \u201eProdukt\u201c\"\n\t\t\t\t\t\tdata-wp-on--click=\"actions.addCartItem\"\n\t\t\t\t\t>\n\t\t\t\t\t<span \n\t\t\tdata-wp-text=\"state.addToCartText\"\n\t\t\tdata-wp-class--wc-block-slide-in=\"state.slideInAnimation\"\n\t\t\tdata-wp-class--wc-block-slide-out=\"state.slideOutAnimation\"\n\t\t\tdata-wp-on--animationend=\"actions.handleAnimationEnd\"\n\t\t\tdata-wp-watch=\"callbacks.startAnimation\"\n\t\t\tdata-wp-run=\"callbacks.syncTempQuantityOnLoad\"\n\t\t>In den Warenkorb<\/span>\n\t\t\t\t\t<\/button>\n\t\t\t\t\t<span\n\t\t\t\thidden\n\t\t\t\tdata-wp-bind--hidden=\"!state.displayViewCart\"\n\t\t\t>\n\t\t\t\t<a\n\t\t\t\t\thref=\"https:\/\/sa.loescher-klug.at\/5c2526\/sa11\/warenkorb\/\"\n\t\t\t\t\tclass=\"added_to_cart wc_forward\"\n\t\t\t\t\ttitle=\"Warenkorb anzeigen\"\n\t\t\t\t>\n\t\t\t\t\tWarenkorb anzeigen\n\t\t\t\t<\/a>\n\t\t\t<\/span>\n\t\t\t\t<\/div>\n\n\t\t\t\t<\/li><\/ul><\/div>\n\n\n\n<h2 class=\"wp-block-heading has-text-align-center\">Unser Service<\/h2>\n\n\n\n<div class=\"wp-block-columns is-layout-flex wp-container-core-columns-is-layout-28f84493 wp-block-columns-is-layout-flex\">\n<div class=\"wp-block-column is-layout-flow wp-block-column-is-layout-flow\">\n<figure class=\"wp-block-image size-large is-resized\"><img loading=\"lazy\" decoding=\"async\" width=\"1024\" height=\"682\" src=\"https:\/\/sa.loescher-klug.at\/5c2526\/sa11\/wp-content\/uploads\/2025\/12\/pexels-castorlystock-3641059-1024x682.jpg\" alt=\"wundersch\u00f6ner Armreif\" class=\"wp-image-74\" style=\"object-fit:cover;width:433px;height:600px\" srcset=\"https:\/\/sa.loescher-klug.at\/5c2526\/sa11\/wp-content\/uploads\/2025\/12\/pexels-castorlystock-3641059-1024x682.jpg 1024w, https:\/\/sa.loescher-klug.at\/5c2526\/sa11\/wp-content\/uploads\/2025\/12\/pexels-castorlystock-3641059-600x400.jpg 600w, https:\/\/sa.loescher-klug.at\/5c2526\/sa11\/wp-content\/uploads\/2025\/12\/pexels-castorlystock-3641059-300x200.jpg 300w, https:\/\/sa.loescher-klug.at\/5c2526\/sa11\/wp-content\/uploads\/2025\/12\/pexels-castorlystock-3641059-768x512.jpg 768w, https:\/\/sa.loescher-klug.at\/5c2526\/sa11\/wp-content\/uploads\/2025\/12\/pexels-castorlystock-3641059-1536x1024.jpg 1536w, https:\/\/sa.loescher-klug.at\/5c2526\/sa11\/wp-content\/uploads\/2025\/12\/pexels-castorlystock-3641059-1320x880.jpg 1320w, https:\/\/sa.loescher-klug.at\/5c2526\/sa11\/wp-content\/uploads\/2025\/12\/pexels-castorlystock-3641059.jpg 2000w\" sizes=\"auto, (max-width: 1024px) 100vw, 1024px\" \/><\/figure>\n<\/div>\n\n\n\n<div class=\"wp-block-column is-layout-flow wp-block-column-is-layout-flow\">\n<h3 class=\"wp-block-heading\">Massanfertigungen<\/h3>\n\n\n\n<p>Schmuck ist so individuell wie die Menschen, die ihn tragen. Deshalb bieten wir Ma\u00dfanfertigungen an, die genau auf Ihre W\u00fcnsche abgestimmt sind. Ob Verlobungsring, Eheringe oder ein besonderes Einzelst\u00fcck \u2013 gemeinsam entwickeln wir ein Design, das Ihre Pers\u00f6nlichkeit widerspiegelt. Von der ersten Idee bis zum fertigen Schmuckst\u00fcck begleiten wir Sie mit Erfahrung, Feingef\u00fchl und handwerklicher Pr\u00e4zision.<\/p>\n\n\n\n<hr class=\"wp-block-separator has-alpha-channel-opacity is-style-wide\"\/>\n\n\n\n<h3 class=\"wp-block-heading\">Reparaturen<\/h3>\n\n\n\n<p>Lieblingsst\u00fccke verdienen besondere Sorgfalt. Wir \u00fcbernehmen fachgerechte Reparaturen von Schmuck aller Art \u2013 vom Ring \u00fcber Ketten bis zu Armb\u00e4ndern. Verschl\u00fcsse werden erneuert, Steine sicher gefasst und Materialien professionell aufgearbeitet, damit Ihr Schmuck wieder in neuem Glanz erstrahlt und Sie lange Freude daran haben.<\/p>\n\n\n\n<hr class=\"wp-block-separator has-alpha-channel-opacity is-style-wide\"\/>\n\n\n\n<h3 class=\"wp-block-heading\">Gravuren<\/h3>\n\n\n\n<p>Eine Gravur macht Schmuck einzigartig. Namen, Daten, Initialen oder kurze Botschaften verleihen Ihrem Schmuckst\u00fcck eine pers\u00f6nliche Bedeutung. Ob dezent oder ausdrucksstark \u2013 wir gravieren mit h\u00f6chster Genauigkeit und viel Liebe zum Detail, damit Erinnerungen dauerhaft festgehalten werden.<\/p>\n\n\n\n<p>Unser Anspruch ist es, Qualit\u00e4t, Handwerk und pers\u00f6nliche Beratung zu verbinden \u2013 f\u00fcr Schmuck, der nicht nur sch\u00f6n ist, sondern eine Geschichte tr\u00e4gt.<\/p>\n\n\n\n<div class=\"wp-block-buttons is-layout-flex wp-block-buttons-is-layout-flex\">\n<div class=\"wp-block-button\"><a class=\"wp-block-button__link wp-element-button\">Jetzt Kontakt aufnehmen<\/a><\/div>\n<\/div>\n<\/div>\n<\/div>\n","protected":false},"excerpt":{"rendered":"<p>Handgefertigt \u2022 Nachhaltig Zeitlose Eleganz f\u00fcr besondere Momente Exklusive Ringe, Ketten und Uhren \u2013 mit Liebe zum Detail gefertigt. Entdecken [&hellip;]<\/p>\n","protected":false},"author":2,"featured_media":0,"parent":0,"menu_order":0,"comment_status":"closed","ping_status":"closed","template":"","meta":{"site-sidebar-layout":"default","site-content-layout":"","ast-site-content-layout":"default","site-content-style":"default","site-sidebar-style":"default","ast-global-header-display":"","ast-banner-title-visibility":"","ast-main-header-display":"","ast-hfb-above-header-display":"","ast-hfb-below-header-display":"","ast-hfb-mobile-header-display":"","site-post-title":"disabled","ast-breadcrumbs-content":"","ast-featured-img":"","footer-sml-layout":"","ast-disable-related-posts":"","theme-transparent-header-meta":"","adv-header-id-meta":"","stick-header-meta":"","header-above-stick-meta":"","header-main-stick-meta":"","header-below-stick-meta":"","astra-migrate-meta-layouts":"default","ast-page-background-enabled":"default","ast-page-background-meta":{"desktop":{"background-color":"var(--ast-global-color-5)","background-image":"","background-repeat":"repeat","background-position":"center center","background-size":"auto","background-attachment":"scroll","background-type":"","background-media":"","overlay-type":"","overlay-color":"","overlay-opacity":"","overlay-gradient":""},"tablet":{"background-color":"","background-image":"","background-repeat":"repeat","background-position":"center center","background-size":"auto","background-attachment":"scroll","background-type":"","background-media":"","overlay-type":"","overlay-color":"","overlay-opacity":"","overlay-gradient":""},"mobile":{"background-color":"","background-image":"","background-repeat":"repeat","background-position":"center center","background-size":"auto","background-attachment":"scroll","background-type":"","background-media":"","overlay-type":"","overlay-color":"","overlay-opacity":"","overlay-gradient":""}},"ast-content-background-meta":{"desktop":{"background-color":"var(--ast-global-color-4)","background-image":"","background-repeat":"repeat","background-position":"center center","background-size":"auto","background-attachment":"scroll","background-type":"","background-media":"","overlay-type":"","overlay-color":"","overlay-opacity":"","overlay-gradient":""},"tablet":{"background-color":"var(--ast-global-color-4)","background-image":"","background-repeat":"repeat","background-position":"center center","background-size":"auto","background-attachment":"scroll","background-type":"","background-media":"","overlay-type":"","overlay-color":"","overlay-opacity":"","overlay-gradient":""},"mobile":{"background-color":"var(--ast-global-color-4)","background-image":"","background-repeat":"repeat","background-position":"center center","background-size":"auto","background-attachment":"scroll","background-type":"","background-media":"","overlay-type":"","overlay-color":"","overlay-opacity":"","overlay-gradient":""}},"footnotes":""},"class_list":["post-7","page","type-page","status-publish","hentry"],"jetpack_sharing_enabled":true,"_links":{"self":[{"href":"https:\/\/sa.loescher-klug.at\/5c2526\/sa11\/wp-json\/wp\/v2\/pages\/7","targetHints":{"allow":["GET"]}}],"collection":[{"href":"https:\/\/sa.loescher-klug.at\/5c2526\/sa11\/wp-json\/wp\/v2\/pages"}],"about":[{"href":"https:\/\/sa.loescher-klug.at\/5c2526\/sa11\/wp-json\/wp\/v2\/types\/page"}],"author":[{"embeddable":true,"href":"https:\/\/sa.loescher-klug.at\/5c2526\/sa11\/wp-json\/wp\/v2\/users\/2"}],"replies":[{"embeddable":true,"href":"https:\/\/sa.loescher-klug.at\/5c2526\/sa11\/wp-json\/wp\/v2\/comments?post=7"}],"version-history":[{"count":17,"href":"https:\/\/sa.loescher-klug.at\/5c2526\/sa11\/wp-json\/wp\/v2\/pages\/7\/revisions"}],"predecessor-version":[{"id":147,"href":"https:\/\/sa.loescher-klug.at\/5c2526\/sa11\/wp-json\/wp\/v2\/pages\/7\/revisions\/147"}],"wp:attachment":[{"href":"https:\/\/sa.loescher-klug.at\/5c2526\/sa11\/wp-json\/wp\/v2\/media?parent=7"}],"curies":[{"name":"wp","href":"https:\/\/api.w.org\/{rel}","templated":true}]}}