{"id":81,"date":"2025-12-16T10:17:26","date_gmt":"2025-12-16T09:17:26","guid":{"rendered":"https:\/\/sa.loescher-klug.at\/5c2526\/sa10\/?page_id=81"},"modified":"2025-12-16T11:35:49","modified_gmt":"2025-12-16T10:35:49","slug":"startseite","status":"publish","type":"page","link":"https:\/\/sa.loescher-klug.at\/5c2526\/sa10\/","title":{"rendered":"Startseite"},"content":{"rendered":"\n<div class=\"wp-block-columns alignfull has-ast-global-color-1-background-color has-background is-layout-flex wp-container-core-columns-is-layout-28f84493 wp-block-columns-is-layout-flex\">\n<div class=\"wp-block-column is-layout-flow wp-block-column-is-layout-flow\">\n<div class=\"wp-block-columns is-layout-flex wp-container-core-columns-is-layout-28f84493 wp-block-columns-is-layout-flex\">\n<div class=\"wp-block-column is-layout-flow wp-block-column-is-layout-flow\">\n<p class=\"has-text-align-right has-ast-global-color-7-color has-text-color has-link-color wp-elements-3d000aa72658ff5577e57905418f19e5\">Handgefertig.Nachhaltig<\/p>\n\n\n\n<h2 class=\"wp-block-heading has-text-align-right has-ast-global-color-7-color has-text-color has-link-color wp-elements-726e66c8a34139c0323b311bdfdb5c33\">Zeitlose Eleganz<br>f\u00fcr besondere<br>Momente<\/h2>\n\n\n\n<p class=\"has-text-align-right has-ast-global-color-7-color has-text-color has-link-color wp-elements-7c1ee81488ef12fa41084639951bbadd\">Exklusive Ringe, Ketten und Uhren<br>&#8211; mit Liebe zum Detail gefertigt.<br>Entdecken Sie unsere aktuelle<br>Kollektion<\/p>\n\n\n\n<div class=\"wp-block-buttons is-content-justification-right is-layout-flex wp-container-core-buttons-is-layout-d445cf74 wp-block-buttons-is-layout-flex\">\n<div class=\"wp-block-button\"><a class=\"wp-block-button__link wp-element-button\">Kollektion ansehen<\/a><\/div>\n<\/div>\n<\/div>\n\n\n\n<div class=\"wp-block-column is-layout-flow wp-block-column-is-layout-flow\">\n<figure class=\"wp-block-image size-large is-resized\"><img loading=\"lazy\" decoding=\"async\" width=\"722\" height=\"1024\" src=\"https:\/\/sa.loescher-klug.at\/5c2526\/sa10\/wp-content\/uploads\/2025\/12\/titelbild-722x1024.webp\" alt=\"titelbild\" class=\"wp-image-72\" style=\"aspect-ratio:0.7050902784861777;width:264px;height:auto\" srcset=\"https:\/\/sa.loescher-klug.at\/5c2526\/sa10\/wp-content\/uploads\/2025\/12\/titelbild-722x1024.webp 722w, https:\/\/sa.loescher-klug.at\/5c2526\/sa10\/wp-content\/uploads\/2025\/12\/titelbild-600x851.webp 600w, https:\/\/sa.loescher-klug.at\/5c2526\/sa10\/wp-content\/uploads\/2025\/12\/titelbild-212x300.webp 212w, https:\/\/sa.loescher-klug.at\/5c2526\/sa10\/wp-content\/uploads\/2025\/12\/titelbild-768x1089.webp 768w, https:\/\/sa.loescher-klug.at\/5c2526\/sa10\/wp-content\/uploads\/2025\/12\/titelbild.webp 1083w\" sizes=\"auto, (max-width: 722px) 100vw, 722px\" \/><\/figure>\n<\/div>\n<\/div>\n<\/div>\n<\/div>\n\n\n\n<div style=\"height:49px\" aria-hidden=\"true\" class=\"wp-block-spacer\"><\/div>\n\n\n\n<h2 class=\"wp-block-heading has-text-align-center\">Produkte im Angebot<\/h2>\n\n\n\n<p><\/p>\n\n\n\n<h2 class=\"wp-block-heading has-text-align-center\">Unser Service<\/h2>\n\n\n\n<div class=\"wp-block-columns is-layout-flex wp-container-core-columns-is-layout-28f84493 wp-block-columns-is-layout-flex\" id=\"unser_service\">\n<div class=\"wp-block-column is-layout-flow wp-block-column-is-layout-flow\">\n<figure class=\"wp-block-image size-large\"><img loading=\"lazy\" decoding=\"async\" width=\"767\" height=\"1024\" src=\"https:\/\/sa.loescher-klug.at\/5c2526\/sa10\/wp-content\/uploads\/2025\/12\/pexels-castorlystock-3641059-edited-767x1024.jpg\" alt=\"pexels-castorlystock-3641059\" class=\"wp-image-103\" srcset=\"https:\/\/sa.loescher-klug.at\/5c2526\/sa10\/wp-content\/uploads\/2025\/12\/pexels-castorlystock-3641059-edited-767x1024.jpg 767w, https:\/\/sa.loescher-klug.at\/5c2526\/sa10\/wp-content\/uploads\/2025\/12\/pexels-castorlystock-3641059-edited-225x300.jpg 225w, https:\/\/sa.loescher-klug.at\/5c2526\/sa10\/wp-content\/uploads\/2025\/12\/pexels-castorlystock-3641059-edited-768x1025.jpg 768w, https:\/\/sa.loescher-klug.at\/5c2526\/sa10\/wp-content\/uploads\/2025\/12\/pexels-castorlystock-3641059-edited-600x801.jpg 600w, https:\/\/sa.loescher-klug.at\/5c2526\/sa10\/wp-content\/uploads\/2025\/12\/pexels-castorlystock-3641059-edited.jpg 999w\" sizes=\"auto, (max-width: 767px) 100vw, 767px\" \/><\/figure>\n<\/div>\n\n\n\n<div class=\"wp-block-column is-layout-flow wp-block-column-is-layout-flow\">\n<h2 class=\"wp-block-heading\">Massenfertigung<\/h2>\n\n\n\n<p>Schmuck ist so individuell wie die Menschen, die ihn tragen. Deshalb bieten wir Ma\u00dfanfertigungen an, die genau auf Ihre W\u00fcnsche abgestimmt sind. Ob Verlobungsring, Eheringe oder ein besonderes Einzelst\u00fcck \u2013 gemeinsam entwickeln wir ein Design, das Ihre Pers\u00f6nlichkeit widerspiegelt. Von der ersten Idee bis zum fertigen Schmuckst\u00fcck begleiten wir Sie mit Erfahrung, Feingef\u00fchl und handwerklicher Pr\u00e4zision.<\/p>\n\n\n\n<h2 class=\"wp-block-heading\">Reparaturen<\/h2>\n\n\n\n<p>Lieblingsst\u00fccke verdienen besondere Sorgfalt. Wir \u00fcbernehmen fachgerechte Reparaturen von Schmuck aller Art \u2013 vom Ring \u00fcber Ketten bis zu Armb\u00e4ndern. Verschl\u00fcsse werden erneuert, Steine sicher gefasst und Materialien professionell aufgearbeitet, damit Ihr Schmuck wieder in neuem Glanz erstrahlt und Sie lange Freude daran haben.<\/p>\n\n\n\n<h2 class=\"wp-block-heading\">Gravuren<\/h2>\n\n\n\n<p>Eine Gravur macht Schmuck einzigartig. Namen, Daten, Initialen oder kurze Botschaften verleihen Ihrem Schmuckst\u00fcck eine pers\u00f6nliche Bedeutung. Ob dezent oder ausdrucksstark \u2013 wir gravieren mit h\u00f6chster Genauigkeit und viel Liebe zum Detail, damit Erinnerungen dauerhaft festgehalten werden.<\/p>\n\n\n\n<p>Unser Anspruch ist es, Qualit\u00e4t, Handwerk und pers\u00f6nliche Beratung zu verbinden \u2013 f\u00fcr Schmuck, der nicht nur sch\u00f6n ist, sondern eine Geschichte tr\u00e4gt.<\/p>\n\n\n\n<div class=\"wp-block-buttons is-layout-flex wp-block-buttons-is-layout-flex\">\n<div class=\"wp-block-button\"><a class=\"wp-block-button__link wp-element-button\">Jetzt Kontakt aufnehmen<\/a><\/div>\n<\/div>\n<\/div>\n<\/div>\n","protected":false},"excerpt":{"rendered":"<p>Handgefertig.Nachhaltig Zeitlose Eleganzf\u00fcr besondereMomente Exklusive Ringe, Ketten und Uhren&#8211; mit Liebe zum Detail gefertigt.Entdecken Sie unsere aktuelleKollektion Produkte im Angebot [&hellip;]<\/p>\n","protected":false},"author":1,"featured_media":0,"parent":0,"menu_order":0,"comment_status":"closed","ping_status":"closed","template":"","meta":{"site-sidebar-layout":"default","site-content-layout":"","ast-site-content-layout":"default","site-content-style":"default","site-sidebar-style":"default","ast-global-header-display":"","ast-banner-title-visibility":"","ast-main-header-display":"","ast-hfb-above-header-display":"","ast-hfb-below-header-display":"","ast-hfb-mobile-header-display":"","site-post-title":"disabled","ast-breadcrumbs-content":"","ast-featured-img":"","footer-sml-layout":"","ast-disable-related-posts":"","theme-transparent-header-meta":"","adv-header-id-meta":"","stick-header-meta":"","header-above-stick-meta":"","header-main-stick-meta":"","header-below-stick-meta":"","astra-migrate-meta-layouts":"default","ast-page-background-enabled":"default","ast-page-background-meta":{"desktop":{"background-color":"var(--ast-global-color-5)","background-image":"","background-repeat":"repeat","background-position":"center center","background-size":"auto","background-attachment":"scroll","background-type":"","background-media":"","overlay-type":"","overlay-color":"","overlay-opacity":"","overlay-gradient":""},"tablet":{"background-color":"","background-image":"","background-repeat":"repeat","background-position":"center center","background-size":"auto","background-attachment":"scroll","background-type":"","background-media":"","overlay-type":"","overlay-color":"","overlay-opacity":"","overlay-gradient":""},"mobile":{"background-color":"","background-image":"","background-repeat":"repeat","background-position":"center center","background-size":"auto","background-attachment":"scroll","background-type":"","background-media":"","overlay-type":"","overlay-color":"","overlay-opacity":"","overlay-gradient":""}},"ast-content-background-meta":{"desktop":{"background-color":"var(--ast-global-color-4)","background-image":"","background-repeat":"repeat","background-position":"center center","background-size":"auto","background-attachment":"scroll","background-type":"","background-media":"","overlay-type":"","overlay-color":"","overlay-opacity":"","overlay-gradient":""},"tablet":{"background-color":"var(--ast-global-color-4)","background-image":"","background-repeat":"repeat","background-position":"center center","background-size":"auto","background-attachment":"scroll","background-type":"","background-media":"","overlay-type":"","overlay-color":"","overlay-opacity":"","overlay-gradient":""},"mobile":{"background-color":"var(--ast-global-color-4)","background-image":"","background-repeat":"repeat","background-position":"center center","background-size":"auto","background-attachment":"scroll","background-type":"","background-media":"","overlay-type":"","overlay-color":"","overlay-opacity":"","overlay-gradient":""}},"footnotes":""},"class_list":["post-81","page","type-page","status-publish","hentry"],"_links":{"self":[{"href":"https:\/\/sa.loescher-klug.at\/5c2526\/sa10\/wp-json\/wp\/v2\/pages\/81","targetHints":{"allow":["GET"]}}],"collection":[{"href":"https:\/\/sa.loescher-klug.at\/5c2526\/sa10\/wp-json\/wp\/v2\/pages"}],"about":[{"href":"https:\/\/sa.loescher-klug.at\/5c2526\/sa10\/wp-json\/wp\/v2\/types\/page"}],"author":[{"embeddable":true,"href":"https:\/\/sa.loescher-klug.at\/5c2526\/sa10\/wp-json\/wp\/v2\/users\/1"}],"replies":[{"embeddable":true,"href":"https:\/\/sa.loescher-klug.at\/5c2526\/sa10\/wp-json\/wp\/v2\/comments?post=81"}],"version-history":[{"count":6,"href":"https:\/\/sa.loescher-klug.at\/5c2526\/sa10\/wp-json\/wp\/v2\/pages\/81\/revisions"}],"predecessor-version":[{"id":153,"href":"https:\/\/sa.loescher-klug.at\/5c2526\/sa10\/wp-json\/wp\/v2\/pages\/81\/revisions\/153"}],"wp:attachment":[{"href":"https:\/\/sa.loescher-klug.at\/5c2526\/sa10\/wp-json\/wp\/v2\/media?parent=81"}],"curies":[{"name":"wp","href":"https:\/\/api.w.org\/{rel}","templated":true}]}}