{"id":6,"date":"2025-12-16T10:02:44","date_gmt":"2025-12-16T09:02:44","guid":{"rendered":"https:\/\/sa.loescher-klug.at\/5c2526\/sa08\/?page_id=6"},"modified":"2025-12-16T11:02:27","modified_gmt":"2025-12-16T10:02:27","slug":"start","status":"publish","type":"page","link":"https:\/\/sa.loescher-klug.at\/5c2526\/sa08\/","title":{"rendered":"start"},"content":{"rendered":"\n<div class=\"wp-block-columns alignfull has-ast-global-color-4-color has-text-color has-background has-link-color wp-elements-c04e1fd48ff87f3fbf98ba63359fcd27 is-layout-flex wp-container-core-columns-is-layout-8d633fc5 wp-block-columns-is-layout-flex\" style=\"background-color:#596570;padding-top:0;padding-right:var(--wp--preset--spacing--80);padding-bottom:0;padding-left:var(--wp--preset--spacing--80)\">\n<div class=\"wp-block-column is-layout-flow wp-block-column-is-layout-flow\">\n<p>Handgefertigt \u2022 Nachhaltig<\/p>\n\n\n\n<h1 class=\"wp-block-heading has-ast-global-color-4-color has-text-color has-link-color wp-elements-1a665e806e4913c6cb164cac50c92149\">Zeitlose Eleganz f\u00fcr besondere Momente<\/h1>\n\n\n\n<p>Exklusive Ringe, Ketten und Uhren \u2013 mit Liebe zum Detail gefertigt. Entdecken Sie unsere aktuelle Kollektion.<\/p>\n\n\n\n<div class=\"wp-block-buttons is-content-justification-center is-layout-flex wp-container-core-buttons-is-layout-a89b3969 wp-block-buttons-is-layout-flex\">\n<div class=\"wp-block-button\"><a class=\"wp-block-button__link wp-element-button\" href=\"https:\/\/sa.loescher-klug.at\/5c2526\/sa08\/shop\/\">Kollektion ansehen <\/a><\/div>\n<\/div>\n<\/div>\n\n\n\n<div class=\"wp-block-column is-layout-flow wp-block-column-is-layout-flow\">\n<figure class=\"wp-block-image size-large\"><img loading=\"lazy\" decoding=\"async\" width=\"722\" height=\"1024\" src=\"https:\/\/sa.loescher-klug.at\/5c2526\/sa08\/wp-content\/uploads\/2025\/12\/titelbild-722x1024.webp\" alt=\"Startseite-Frau\" class=\"wp-image-72\" srcset=\"https:\/\/sa.loescher-klug.at\/5c2526\/sa08\/wp-content\/uploads\/2025\/12\/titelbild-722x1024.webp 722w, https:\/\/sa.loescher-klug.at\/5c2526\/sa08\/wp-content\/uploads\/2025\/12\/titelbild-600x851.webp 600w, https:\/\/sa.loescher-klug.at\/5c2526\/sa08\/wp-content\/uploads\/2025\/12\/titelbild-212x300.webp 212w, https:\/\/sa.loescher-klug.at\/5c2526\/sa08\/wp-content\/uploads\/2025\/12\/titelbild-768x1089.webp 768w, https:\/\/sa.loescher-klug.at\/5c2526\/sa08\/wp-content\/uploads\/2025\/12\/titelbild.webp 1083w\" sizes=\"auto, (max-width: 722px) 100vw, 722px\" \/><\/figure>\n<\/div>\n<\/div>\n\n\n\n<div data-wp-context=\"{&quot;notices&quot;:[],&quot;hideNextPreviousButtons&quot;:false,&quot;isDisabledPrevious&quot;:true,&quot;isDisabledNext&quot;:false,&quot;ariaLabelPrevious&quot;:&quot;Vorherige Produkte&quot;,&quot;ariaLabelNext&quot;:&quot;N\\u00e4chste Produkte&quot;,&quot;collection&quot;:&quot;woocommerce\\\/product-collection\\\/on-sale&quot;}\" data-wp-init=\"callbacks.onRender\" data-wp-interactive=\"woocommerce\/product-collection\" data-wp-router-region=\"wc-product-collection-0\" data-__private-preview-state=\"{&quot;isPreview&quot;:false,&quot;previewMessage&quot;:&quot;Die tats\\u00e4chliche Produktauswahl h\\u00e4ngt von der aufgerufenen Seite ab.&quot;}\" data-block-name=\"woocommerce\/product-collection\" data-collection=\"woocommerce\/product-collection\/on-sale\" data-dimensions=\"{&quot;widthType&quot;:&quot;fill&quot;}\" data-display-layout=\"{&quot;type&quot;:&quot;flex&quot;,&quot;columns&quot;:2,&quot;shrinkColumns&quot;:true}\" data-hide-controls=\"[&quot;inherit&quot;,&quot;on-sale&quot;,&quot;filterable&quot;]\" data-layout=\"{&quot;type&quot;:&quot;default&quot;}\" data-query-context-includes=\"[&quot;collection&quot;]\" data-query-id=\"0\" data-query=\"{&quot;perPage&quot;:2,&quot;pages&quot;:1,&quot;offset&quot;:0,&quot;postType&quot;:&quot;product&quot;,&quot;order&quot;:&quot;asc&quot;,&quot;orderBy&quot;:&quot;title&quot;,&quot;search&quot;:&quot;&quot;,&quot;exclude&quot;:[],&quot;inherit&quot;:false,&quot;taxQuery&quot;:[],&quot;isProductCollectionBlock&quot;:true,&quot;featured&quot;:false,&quot;woocommerceOnSale&quot;:true,&quot;woocommerceStockStatus&quot;:[&quot;instock&quot;,&quot;outofstock&quot;,&quot;onbackorder&quot;],&quot;woocommerceAttributes&quot;:[],&quot;woocommerceHandPickedProducts&quot;:[],&quot;filterable&quot;:false,&quot;relatedBy&quot;:{&quot;categories&quot;:true,&quot;tags&quot;:true}}\" data-tag-name=\"div\" class=\"wp-block-woocommerce-product-collection is-layout-flow wp-block-woocommerce-product-collection-is-layout-flow\">\t\t<div data-wp-interactive=\"woocommerce\/store-notices\" class=\"wc-block-components-notices alignwide\">\n\t\t\t<template data-wp-each--notice=\"state.notices\" data-wp-each-key=\"context.notice.id\">\n\t\t\t\t<div\n\t\t\t\t\tclass=\"wc-block-components-notice-banner\"\n\t\t\t\t\tdata-wp-init=\"callbacks.scrollIntoView\"\n\t\t\t\t\tdata-wp-class--is-error=\"state.isError\"\n\t\t\t\t\tdata-wp-class--is-success =\"state.isSuccess\"\n\t\t\t\t\tdata-wp-class--is-info=\"state.isInfo\"\n\t\t\t\t\tdata-wp-class--is-dismissible=\"context.notice.dismissible\"\n\t\t\t\t\tdata-wp-bind--role=\"state.role\"\n\t\t\t\t>\n\t\t\t\t\t<svg xmlns=\"http:\/\/www.w3.org\/2000\/svg\" viewBox=\"0 0 24 24\" width=\"24\" height=\"24\" aria-hidden=\"true\" focusable=\"false\">\n\t\t\t\t\t\t<path data-wp-bind--d=\"state.iconPath\"><\/path>\n\t\t\t\t\t<\/svg>\n\t\t\t\t\t<div class=\"wc-block-components-notice-banner__content\">\n\t\t\t\t\t\t<span data-wp-init=\"callbacks.renderNoticeContent\" aria-live=\"assertive\" aria-atomic=\"true\"><\/span>\n\t\t\t\t\t<\/div>\n\t\t\t\t\t<button\n\t\t\t\t\t\tdata-wp-bind--hidden=\"!context.notice.dismissible\"\n\t\t\t\t\t\tclass=\"wc-block-components-button wp-element-button wc-block-components-notice-banner__dismiss contained\"\n\t\t\t\t\t\taria-label=\"Diesen Hinweis verwerfen\"\n\t\t\t\t\t\tdata-wp-on--click=\"actions.removeNotice\"\n\t\t\t\t\t>\n\t\t\t\t\t\t<svg xmlns=\"http:\/\/www.w3.org\/2000\/svg\" viewBox=\"0 0 24 24\">\n\t\t\t\t\t\t\t<path d=\"M13 11.8l6.1-6.3-1-1-6.1 6.2-6.1-6.2-1 1 6.1 6.3-6.5 6.7 1 1 6.5-6.6 6.5 6.6 1-1z\" \/>\n\t\t\t\t\t\t<\/svg>\n\t\t\t\t\t<\/button>\n\t\t\t\t<\/div>\n\t\t\t<\/template>\n\t\t<\/div>\n\t\t\n<h2 class=\"wp-block-heading has-text-align-center\" style=\"margin-bottom:1rem\">Produkte im Angebot<\/h2>\n\n\n<ul data-block-name=\"woocommerce\/product-template\" class=\"wc-block-product-template__responsive columns-2 wc-block-product-template wp-block-woocommerce-product-template is-layout-flow wp-block-woocommerce-product-template-is-layout-flow\" data-wp-on--scroll=\"actions.watchScroll\" data-wp-init=\"callbacks.initResizeObserver\"><li class=\"wc-block-product post-171 product type-product status-publish has-post-thumbnail product_cat-uhren desktop-align-left tablet-align-left mobile-align-left first instock sale taxable shipping-taxable purchasable product-type-simple\"\n\t\t\t\t\t\n\t\t\t\tdata-wp-interactive=\"woocommerce\/product-collection\"\n\t\t\t\tdata-wp-context='{\"productId\":171}'\n\t\t\t\tdata-wp-key=\"product-item-171\"\n\t\t\t\n\t\t\t\t>\n\t\t\t\t\t\n<div data-block-name=\"woocommerce\/product-image\" data-image-sizing=\"thumbnail\" data-is-descendent-of-query-loop=\"true\" data-show-sale-badge=\"false\" class=\"wc-block-components-product-image wc-block-grid__product-image wc-block-components-product-image--aspect-ratio-auto wp-block-woocommerce-product-image\"><a href=\"https:\/\/sa.loescher-klug.at\/5c2526\/sa08\/produkt\/automatikuhr-classic\/\" style=\"\" data-wp-on--click=\"woocommerce\/product-collection::actions.viewProduct\"><img loading=\"lazy\" decoding=\"async\" width=\"300\" height=\"300\" src=\"https:\/\/sa.loescher-klug.at\/5c2526\/sa08\/wp-content\/uploads\/2025\/12\/schmuckdemo-300x300.jpg\" class=\"attachment-woocommerce_thumbnail size-woocommerce_thumbnail\" alt=\"Geschenk\" data-testid=\"product-image\" data-image-id=\"71\" style=\"object-fit:cover;\" srcset=\"https:\/\/sa.loescher-klug.at\/5c2526\/sa08\/wp-content\/uploads\/2025\/12\/schmuckdemo-300x300.jpg 300w, https:\/\/sa.loescher-klug.at\/5c2526\/sa08\/wp-content\/uploads\/2025\/12\/schmuckdemo-100x100.jpg 100w, https:\/\/sa.loescher-klug.at\/5c2526\/sa08\/wp-content\/uploads\/2025\/12\/schmuckdemo-600x600.jpg 600w, https:\/\/sa.loescher-klug.at\/5c2526\/sa08\/wp-content\/uploads\/2025\/12\/schmuckdemo-150x150.jpg 150w, https:\/\/sa.loescher-klug.at\/5c2526\/sa08\/wp-content\/uploads\/2025\/12\/schmuckdemo.jpg 661w\" sizes=\"auto, (max-width: 300px) 100vw, 300px\" \/><div class=\"wc-block-components-product-image__inner-container\"><\/div><\/a><\/div>\n\n<h2 style=\"line-height:1.4; margin-bottom:0.75rem;margin-top:0;\" class=\"has-text-align-center wp-block-post-title has-medium-font-size\"><a data-wp-on--click=\"woocommerce\/product-collection::actions.viewProduct\" href=\"https:\/\/sa.loescher-klug.at\/5c2526\/sa08\/produkt\/automatikuhr-classic\/\" target=\"_self\" >Automatikuhr Classic<\/a><\/h2>\n\n<div data-block-name=\"woocommerce\/product-price\" data-font-size=\"small\" data-is-descendent-of-query-loop=\"true\" data-text-align=\"center\" class=\"has-font-size has-small-font-size has-text-align-center wp-block-woocommerce-product-price has-small-font-size\" ><div class=\"wc-block-components-product-price wc-block-grid__product-price\" >\n\t\t\t\t\t<del aria-hidden=\"true\"><span class=\"woocommerce-Price-amount amount\"><bdi><span class=\"woocommerce-Price-currencySymbol\">&euro;<\/span>&nbsp;899,00<\/bdi><\/span><\/del> <span class=\"screen-reader-text\">Urspr\u00fcnglicher Preis war: &euro;&nbsp;899,00<\/span><ins aria-hidden=\"true\"><span class=\"woocommerce-Price-amount amount\"><bdi><span class=\"woocommerce-Price-currencySymbol\">&euro;<\/span>&nbsp;849,00<\/bdi><\/span><\/ins><span class=\"screen-reader-text\">Aktueller Preis ist: &euro;&nbsp;849,00.<\/span> <small class=\"woocommerce-price-suffix\">inkl. Steuer, exkl. Versandkosten<\/small>\n\t\t\t\t<\/div><\/div>\n\n<div data-block-name=\"woocommerce\/product-button\" data-font-size=\"small\" data-is-descendent-of-query-loop=\"true\" data-text-align=\"center\" class=\"wp-block-button wc-block-components-product-button   align-center wp-block-woocommerce-product-button has-small-font-size\"\n\t\t\t\t\t\n\t\t\tdata-wp-interactive=\"woocommerce\/product-button\"\n\t\t\tdata-wp-init=\"actions.refreshCartItems\"\n\t\t\n\t\t\t\t\tdata-wp-context='{\"quantityToAdd\":1,\"productId\":171,\"productType\":\"simple\",\"addToCartText\":\"In den Warenkorb\",\"tempQuantity\":0,\"animationStatus\":\"IDLE\",\"inTheCartText\":\"### im Warenkorb\",\"noticeId\":\"\",\"hasPressedButton\":false}'\n\t\t\t\t>\n\t\t\t\t\t<button\n\t\t\t\t\t\tclass=\"wp-block-button__link wp-element-button wc-block-components-product-button__button add_to_cart_button ajax_add_to_cart product_type_simple has-font-size has-small-font-size has-text-align-center wc-interactive\"\n\t\t\t\t\t\tstyle=\"\"\n\t\t\t\t\t\ttype=\"button\" data-product_id=\"171\" data-product_sku=\"UHR-003\" aria-label=\"In den Warenkorb legen: \u201eAutomatikuhr Classic\u201c\"\n\t\t\t\t\t\tdata-wp-on--click=\"actions.addCartItem\"\n\t\t\t\t\t>\n\t\t\t\t\t<span \n\t\t\tdata-wp-text=\"state.addToCartText\"\n\t\t\tdata-wp-class--wc-block-slide-in=\"state.slideInAnimation\"\n\t\t\tdata-wp-class--wc-block-slide-out=\"state.slideOutAnimation\"\n\t\t\tdata-wp-on--animationend=\"actions.handleAnimationEnd\"\n\t\t\tdata-wp-watch=\"callbacks.startAnimation\"\n\t\t\tdata-wp-run=\"callbacks.syncTempQuantityOnLoad\"\n\t\t>In den Warenkorb<\/span>\n\t\t\t\t\t<\/button>\n\t\t\t\t\t<span\n\t\t\t\thidden\n\t\t\t\tdata-wp-bind--hidden=\"!state.displayViewCart\"\n\t\t\t>\n\t\t\t\t<a\n\t\t\t\t\thref=\"https:\/\/sa.loescher-klug.at\/5c2526\/sa08\/warenkorb\/\"\n\t\t\t\t\tclass=\"added_to_cart wc_forward\"\n\t\t\t\t\ttitle=\"Warenkorb anzeigen\"\n\t\t\t\t>\n\t\t\t\t\tWarenkorb anzeigen\n\t\t\t\t<\/a>\n\t\t\t<\/span>\n\t\t\t\t<\/div>\n\n\t\t\t\t<\/li><li class=\"wc-block-product post-173 product type-product status-publish has-post-thumbnail product_cat-uhren desktop-align-left tablet-align-left mobile-align-left  instock sale taxable shipping-taxable purchasable product-type-simple\"\n\t\t\t\t\t\n\t\t\t\tdata-wp-interactive=\"woocommerce\/product-collection\"\n\t\t\t\tdata-wp-context='{\"productId\":173}'\n\t\t\t\tdata-wp-key=\"product-item-173\"\n\t\t\t\n\t\t\t\t>\n\t\t\t\t\t\n<div data-block-name=\"woocommerce\/product-image\" data-image-sizing=\"thumbnail\" data-is-descendent-of-query-loop=\"true\" data-show-sale-badge=\"false\" class=\"wc-block-components-product-image wc-block-grid__product-image wc-block-components-product-image--aspect-ratio-auto wp-block-woocommerce-product-image\"><a href=\"https:\/\/sa.loescher-klug.at\/5c2526\/sa08\/produkt\/chronograph-herren\/\" style=\"\" data-wp-on--click=\"woocommerce\/product-collection::actions.viewProduct\"><img loading=\"lazy\" decoding=\"async\" width=\"300\" height=\"300\" src=\"https:\/\/sa.loescher-klug.at\/5c2526\/sa08\/wp-content\/uploads\/2025\/12\/schmuckdemo-300x300.jpg\" class=\"attachment-woocommerce_thumbnail size-woocommerce_thumbnail\" alt=\"Geschenk\" data-testid=\"product-image\" data-image-id=\"71\" style=\"object-fit:cover;\" srcset=\"https:\/\/sa.loescher-klug.at\/5c2526\/sa08\/wp-content\/uploads\/2025\/12\/schmuckdemo-300x300.jpg 300w, https:\/\/sa.loescher-klug.at\/5c2526\/sa08\/wp-content\/uploads\/2025\/12\/schmuckdemo-100x100.jpg 100w, https:\/\/sa.loescher-klug.at\/5c2526\/sa08\/wp-content\/uploads\/2025\/12\/schmuckdemo-600x600.jpg 600w, https:\/\/sa.loescher-klug.at\/5c2526\/sa08\/wp-content\/uploads\/2025\/12\/schmuckdemo-150x150.jpg 150w, https:\/\/sa.loescher-klug.at\/5c2526\/sa08\/wp-content\/uploads\/2025\/12\/schmuckdemo.jpg 661w\" sizes=\"auto, (max-width: 300px) 100vw, 300px\" \/><div class=\"wc-block-components-product-image__inner-container\"><\/div><\/a><\/div>\n\n<h2 style=\"line-height:1.4; margin-bottom:0.75rem;margin-top:0;\" class=\"has-text-align-center wp-block-post-title has-medium-font-size\"><a data-wp-on--click=\"woocommerce\/product-collection::actions.viewProduct\" href=\"https:\/\/sa.loescher-klug.at\/5c2526\/sa08\/produkt\/chronograph-herren\/\" target=\"_self\" >Chronograph Herren<\/a><\/h2>\n\n<div data-block-name=\"woocommerce\/product-price\" data-font-size=\"small\" data-is-descendent-of-query-loop=\"true\" data-text-align=\"center\" class=\"has-font-size has-small-font-size has-text-align-center wp-block-woocommerce-product-price has-small-font-size\" ><div class=\"wc-block-components-product-price wc-block-grid__product-price\" >\n\t\t\t\t\t<del aria-hidden=\"true\"><span class=\"woocommerce-Price-amount amount\"><bdi><span class=\"woocommerce-Price-currencySymbol\">&euro;<\/span>&nbsp;599,00<\/bdi><\/span><\/del> <span class=\"screen-reader-text\">Urspr\u00fcnglicher Preis war: &euro;&nbsp;599,00<\/span><ins aria-hidden=\"true\"><span class=\"woocommerce-Price-amount amount\"><bdi><span class=\"woocommerce-Price-currencySymbol\">&euro;<\/span>&nbsp;549,00<\/bdi><\/span><\/ins><span class=\"screen-reader-text\">Aktueller Preis ist: &euro;&nbsp;549,00.<\/span> <small class=\"woocommerce-price-suffix\">inkl. Steuer, exkl. Versandkosten<\/small>\n\t\t\t\t<\/div><\/div>\n\n<div data-block-name=\"woocommerce\/product-button\" data-font-size=\"small\" data-is-descendent-of-query-loop=\"true\" data-text-align=\"center\" class=\"wp-block-button wc-block-components-product-button   align-center wp-block-woocommerce-product-button has-small-font-size\"\n\t\t\t\t\t\n\t\t\tdata-wp-interactive=\"woocommerce\/product-button\"\n\t\t\tdata-wp-init=\"actions.refreshCartItems\"\n\t\t\n\t\t\t\t\tdata-wp-context='{\"quantityToAdd\":1,\"productId\":173,\"productType\":\"simple\",\"addToCartText\":\"In den Warenkorb\",\"tempQuantity\":0,\"animationStatus\":\"IDLE\",\"inTheCartText\":\"### im Warenkorb\",\"noticeId\":\"\",\"hasPressedButton\":false}'\n\t\t\t\t>\n\t\t\t\t\t<button\n\t\t\t\t\t\tclass=\"wp-block-button__link wp-element-button wc-block-components-product-button__button add_to_cart_button ajax_add_to_cart product_type_simple has-font-size has-small-font-size has-text-align-center wc-interactive\"\n\t\t\t\t\t\tstyle=\"\"\n\t\t\t\t\t\ttype=\"button\" data-product_id=\"173\" data-product_sku=\"UHR-005\" aria-label=\"In den Warenkorb legen: \u201eChronograph Herren\u201c\"\n\t\t\t\t\t\tdata-wp-on--click=\"actions.addCartItem\"\n\t\t\t\t\t>\n\t\t\t\t\t<span \n\t\t\tdata-wp-text=\"state.addToCartText\"\n\t\t\tdata-wp-class--wc-block-slide-in=\"state.slideInAnimation\"\n\t\t\tdata-wp-class--wc-block-slide-out=\"state.slideOutAnimation\"\n\t\t\tdata-wp-on--animationend=\"actions.handleAnimationEnd\"\n\t\t\tdata-wp-watch=\"callbacks.startAnimation\"\n\t\t\tdata-wp-run=\"callbacks.syncTempQuantityOnLoad\"\n\t\t>In den Warenkorb<\/span>\n\t\t\t\t\t<\/button>\n\t\t\t\t\t<span\n\t\t\t\thidden\n\t\t\t\tdata-wp-bind--hidden=\"!state.displayViewCart\"\n\t\t\t>\n\t\t\t\t<a\n\t\t\t\t\thref=\"https:\/\/sa.loescher-klug.at\/5c2526\/sa08\/warenkorb\/\"\n\t\t\t\t\tclass=\"added_to_cart wc_forward\"\n\t\t\t\t\ttitle=\"Warenkorb anzeigen\"\n\t\t\t\t>\n\t\t\t\t\tWarenkorb anzeigen\n\t\t\t\t<\/a>\n\t\t\t<\/span>\n\t\t\t\t<\/div>\n\n\t\t\t\t<\/li><\/ul><\/div>\n\n\n\n<h1 class=\"wp-block-heading has-text-align-center\">Unser Service<\/h1>\n\n\n\n<div class=\"wp-block-columns is-layout-flex wp-container-core-columns-is-layout-28f84493 wp-block-columns-is-layout-flex\">\n<div class=\"wp-block-column is-layout-flow wp-block-column-is-layout-flow\">\n<figure class=\"wp-block-image size-large\"><img loading=\"lazy\" decoding=\"async\" width=\"1024\" height=\"682\" src=\"https:\/\/sa.loescher-klug.at\/5c2526\/sa08\/wp-content\/uploads\/2025\/12\/pexels-castorlystock-3641059-1024x682.jpg\" alt=\"Armreif Gold\" class=\"wp-image-54\" srcset=\"https:\/\/sa.loescher-klug.at\/5c2526\/sa08\/wp-content\/uploads\/2025\/12\/pexels-castorlystock-3641059-1024x682.jpg 1024w, https:\/\/sa.loescher-klug.at\/5c2526\/sa08\/wp-content\/uploads\/2025\/12\/pexels-castorlystock-3641059-600x400.jpg 600w, https:\/\/sa.loescher-klug.at\/5c2526\/sa08\/wp-content\/uploads\/2025\/12\/pexels-castorlystock-3641059-300x200.jpg 300w, https:\/\/sa.loescher-klug.at\/5c2526\/sa08\/wp-content\/uploads\/2025\/12\/pexels-castorlystock-3641059-768x512.jpg 768w, https:\/\/sa.loescher-klug.at\/5c2526\/sa08\/wp-content\/uploads\/2025\/12\/pexels-castorlystock-3641059-1536x1024.jpg 1536w, https:\/\/sa.loescher-klug.at\/5c2526\/sa08\/wp-content\/uploads\/2025\/12\/pexels-castorlystock-3641059.jpg 2000w\" sizes=\"auto, (max-width: 1024px) 100vw, 1024px\" \/><\/figure>\n<\/div>\n\n\n\n<div class=\"wp-block-column is-layout-flow wp-block-column-is-layout-flow\">\n<h2 class=\"wp-block-heading\">Massanfertigung<\/h2>\n\n\n\n<p>Schmuck ist so individuell wie die Menschen, die ihn tragen. Deshalb bieten wir Ma\u00dfanfertigungen an, die genau auf Ihre W\u00fcnsche abgestimmt sind. Ob Verlobungsring, Eheringe oder ein besonderes Einzelst\u00fcck \u2013 gemeinsam entwickeln wir ein Design, das Ihre Pers\u00f6nlichkeit widerspiegelt. Von der ersten Idee bis zum fertigen Schmuckst\u00fcck begleiten wir Sie mit Erfahrung, Feingef\u00fchl und handwerklicher Pr\u00e4zision.<\/p>\n\n\n\n<hr class=\"wp-block-separator aligncenter has-alpha-channel-opacity is-style-wide\" style=\"margin-top:0;margin-bottom:0\"\/>\n\n\n\n<h2 class=\"wp-block-heading\">Reparaturen<\/h2>\n\n\n\n<p>Lieblingsst\u00fccke verdienen besondere Sorgfalt. Wir \u00fcbernehmen fachgerechte Reparaturen von Schmuck aller Art \u2013 vom Ring \u00fcber Ketten bis zu Armb\u00e4ndern. Verschl\u00fcsse werden erneuert, Steine sicher gefasst und Materialien professionell aufgearbeitet, damit Ihr Schmuck wieder in neuem Glanz erstrahlt und Sie lange Freude daran haben.<\/p>\n\n\n\n<hr class=\"wp-block-separator has-alpha-channel-opacity is-style-wide\"\/>\n\n\n\n<h2 class=\"wp-block-heading\">Gravuren<\/h2>\n\n\n\n<p>Gravuren<\/p>\n\n\n\n<p>Eine Gravur macht Schmuck einzigartig. Namen, Daten, Initialen oder kurze Botschaften verleihen Ihrem Schmuckst\u00fcck eine pers\u00f6nliche Bedeutung. Ob dezent oder ausdrucksstark \u2013 wir gravieren mit h\u00f6chster Genauigkeit und viel Liebe zum Detail, damit Erinnerungen dauerhaft festgehalten werden.<\/p>\n\n\n\n<p>Unser Anspruch ist es, Qualit\u00e4t, Handwerk und pers\u00f6nliche Beratung zu verbinden \u2013 f\u00fcr Schmuck, der nicht nur sch\u00f6n ist, sondern eine Geschichte tr\u00e4gt.<\/p>\n\n\n\n<div class=\"wp-block-buttons is-layout-flex wp-block-buttons-is-layout-flex\">\n<div class=\"wp-block-button\"><a class=\"wp-block-button__link wp-element-button\" href=\"https:\/\/sa.loescher-klug.at\/5c2526\/sa08\/kontakt\/\">Jetzt Kontakt aufnehmen<\/a><\/div>\n<\/div>\n<\/div>\n<\/div>\n","protected":false},"excerpt":{"rendered":"<p>Handgefertigt \u2022 Nachhaltig Zeitlose Eleganz f\u00fcr besondere Momente Exklusive Ringe, Ketten und Uhren \u2013 mit Liebe zum Detail gefertigt. Entdecken [&hellip;]<\/p>\n","protected":false},"author":1,"featured_media":0,"parent":0,"menu_order":0,"comment_status":"closed","ping_status":"closed","template":"","meta":{"site-sidebar-layout":"default","site-content-layout":"","ast-site-content-layout":"default","site-content-style":"default","site-sidebar-style":"default","ast-global-header-display":"","ast-banner-title-visibility":"","ast-main-header-display":"","ast-hfb-above-header-display":"","ast-hfb-below-header-display":"","ast-hfb-mobile-header-display":"","site-post-title":"disabled","ast-breadcrumbs-content":"","ast-featured-img":"","footer-sml-layout":"","ast-disable-related-posts":"","theme-transparent-header-meta":"","adv-header-id-meta":"","stick-header-meta":"","header-above-stick-meta":"","header-main-stick-meta":"","header-below-stick-meta":"","astra-migrate-meta-layouts":"default","ast-page-background-enabled":"default","ast-page-background-meta":{"desktop":{"background-color":"var(--ast-global-color-5)","background-image":"","background-repeat":"repeat","background-position":"center center","background-size":"auto","background-attachment":"scroll","background-type":"","background-media":"","overlay-type":"","overlay-color":"","overlay-opacity":"","overlay-gradient":""},"tablet":{"background-color":"","background-image":"","background-repeat":"repeat","background-position":"center center","background-size":"auto","background-attachment":"scroll","background-type":"","background-media":"","overlay-type":"","overlay-color":"","overlay-opacity":"","overlay-gradient":""},"mobile":{"background-color":"","background-image":"","background-repeat":"repeat","background-position":"center center","background-size":"auto","background-attachment":"scroll","background-type":"","background-media":"","overlay-type":"","overlay-color":"","overlay-opacity":"","overlay-gradient":""}},"ast-content-background-meta":{"desktop":{"background-color":"var(--ast-global-color-4)","background-image":"","background-repeat":"repeat","background-position":"center center","background-size":"auto","background-attachment":"scroll","background-type":"","background-media":"","overlay-type":"","overlay-color":"","overlay-opacity":"","overlay-gradient":""},"tablet":{"background-color":"var(--ast-global-color-4)","background-image":"","background-repeat":"repeat","background-position":"center center","background-size":"auto","background-attachment":"scroll","background-type":"","background-media":"","overlay-type":"","overlay-color":"","overlay-opacity":"","overlay-gradient":""},"mobile":{"background-color":"var(--ast-global-color-4)","background-image":"","background-repeat":"repeat","background-position":"center center","background-size":"auto","background-attachment":"scroll","background-type":"","background-media":"","overlay-type":"","overlay-color":"","overlay-opacity":"","overlay-gradient":""}},"footnotes":""},"class_list":["post-6","page","type-page","status-publish","hentry"],"_links":{"self":[{"href":"https:\/\/sa.loescher-klug.at\/5c2526\/sa08\/wp-json\/wp\/v2\/pages\/6","targetHints":{"allow":["GET"]}}],"collection":[{"href":"https:\/\/sa.loescher-klug.at\/5c2526\/sa08\/wp-json\/wp\/v2\/pages"}],"about":[{"href":"https:\/\/sa.loescher-klug.at\/5c2526\/sa08\/wp-json\/wp\/v2\/types\/page"}],"author":[{"embeddable":true,"href":"https:\/\/sa.loescher-klug.at\/5c2526\/sa08\/wp-json\/wp\/v2\/users\/1"}],"replies":[{"embeddable":true,"href":"https:\/\/sa.loescher-klug.at\/5c2526\/sa08\/wp-json\/wp\/v2\/comments?post=6"}],"version-history":[{"count":5,"href":"https:\/\/sa.loescher-klug.at\/5c2526\/sa08\/wp-json\/wp\/v2\/pages\/6\/revisions"}],"predecessor-version":[{"id":191,"href":"https:\/\/sa.loescher-klug.at\/5c2526\/sa08\/wp-json\/wp\/v2\/pages\/6\/revisions\/191"}],"wp:attachment":[{"href":"https:\/\/sa.loescher-klug.at\/5c2526\/sa08\/wp-json\/wp\/v2\/media?parent=6"}],"curies":[{"name":"wp","href":"https:\/\/api.w.org\/{rel}","templated":true}]}}